{"id":520,"date":"2024-02-15T02:47:37","date_gmt":"2024-02-15T02:47:37","guid":{"rendered":"https:\/\/zango.co.ao\/?page_id=520"},"modified":"2024-08-13T16:22:18","modified_gmt":"2024-08-13T16:22:18","slug":"sobre_a_zango","status":"publish","type":"page","link":"https:\/\/zango.co.ao\/index.php\/sobre_a_zango\/","title":{"rendered":"Sobre a Zango"},"content":{"rendered":"\n<p>Derivado da terminologia &#8220;Zhango&#8221; (em Mbunda) e Njangu (do Kimbundu) quer dizer Tribunal Tradicional; local de encontro para resolu\u00e7\u00e3o de problemas, a Zango \u00e9 uma empresa de comunica\u00e7\u00e3o especializada em criar, produzir e distribuir conte\u00fados de Media atrav\u00e9s de diferentes canais de comunica\u00e7\u00e3o. Tal como a origem etimol\u00f3gica do nome sugere\u00a0<strong>ZANGO\u00a0<\/strong>\u201cPonto de Encontro\u201d, numa perspectiva de desenvolvimento procura reunir talentos, ideias, informa\u00e7\u00e3o e entretenimento.<\/p>\n\n\n\n<p>A\u00a0<strong>ZANGO\u00a0<\/strong>Media como uma empresa dentro da ind\u00fastria criativa e de comunica\u00e7\u00e3o, \u00e9 focada na produ\u00e7\u00e3o de conte\u00fados, constru\u00e7\u00e3o de marcas, desenvolver estrat\u00e9gias de marketing direcionadas e executar projectos de complexidade no dom\u00ednio de comunica\u00e7\u00e3o e Medias digitais, reunindo os principais talentos para sua execu\u00e7\u00e3o.<\/p>\n\n\n\n<p>A&nbsp;<strong>ZANGO&nbsp;<\/strong>Media actua como promotor de desenvolvimento e crescimento humano, preservando nas suas ac\u00e7\u00f5es o respeito pela dissemelhan\u00e7a e responsabilidade social. Agrega uma equipa talentosa de gestores de comunica\u00e7\u00e3o, criativos e profissionais de marketing, apaixonados por construir marcas e expandir seus neg\u00f3cios, acompanhar as novas tend\u00eancias, e trazer uma abordagem global aplicada ao contexto local.<\/p>\n\n\n\n<p>A&nbsp;<strong>Zango&nbsp;FM&nbsp;<\/strong>\u00e9 uma r\u00e1dio comercial angolana, instalada em Luanda, que emite em frequ\u00eancia FM na sintonia <strong>98.1 FM<\/strong>, e tamb\u00e9m com transmiss\u00e3o via Internet. Oferece na sua grelha de programas diferentes conte\u00fados sobre arte, cultura, educa\u00e7\u00e3o, desenvolvimento, sociedade e claro, m\u00faltiplos g\u00e9neros musicais.<\/p>\n","protected":false},"excerpt":{"rendered":"<p>Derivado da terminologia &#8220;Zhango&#8221; (em Mbunda) e Njangu (do Kimbundu) quer dizer Tribunal Tradicional; local de encontro para resolu\u00e7\u00e3o de problemas, a Zango \u00e9 uma empresa de comunica\u00e7\u00e3o especializada em [&hellip;]<\/p>\n","protected":false},"author":2,"featured_media":1868,"parent":0,"menu_order":0,"comment_status":"closed","ping_status":"closed","template":"","meta":{"_acf_changed":false,"om_disable_all_campaigns":false,"_monsterinsights_skip_tracking":false,"_monsterinsights_sitenote_active":false,"_monsterinsights_sitenote_note":"","_monsterinsights_sitenote_category":0,"_uf_show_specific_survey":0,"_uf_disable_surveys":false,"footnotes":""},"class_list":["post-520","page","type-page","status-publish","has-post-thumbnail","hentry"],"acf":[],"aioseo_notices":[],"_links":{"self":[{"href":"https:\/\/zango.co.ao\/index.php\/wp-json\/wp\/v2\/pages\/520","targetHints":{"allow":["GET"]}}],"collection":[{"href":"https:\/\/zango.co.ao\/index.php\/wp-json\/wp\/v2\/pages"}],"about":[{"href":"https:\/\/zango.co.ao\/index.php\/wp-json\/wp\/v2\/types\/page"}],"author":[{"embeddable":true,"href":"https:\/\/zango.co.ao\/index.php\/wp-json\/wp\/v2\/users\/2"}],"replies":[{"embeddable":true,"href":"https:\/\/zango.co.ao\/index.php\/wp-json\/wp\/v2\/comments?post=520"}],"version-history":[{"count":6,"href":"https:\/\/zango.co.ao\/index.php\/wp-json\/wp\/v2\/pages\/520\/revisions"}],"predecessor-version":[{"id":1788,"href":"https:\/\/zango.co.ao\/index.php\/wp-json\/wp\/v2\/pages\/520\/revisions\/1788"}],"wp:featuredmedia":[{"embeddable":true,"href":"https:\/\/zango.co.ao\/index.php\/wp-json\/wp\/v2\/media\/1868"}],"wp:attachment":[{"href":"https:\/\/zango.co.ao\/index.php\/wp-json\/wp\/v2\/media?parent=520"}],"curies":[{"name":"wp","href":"https:\/\/api.w.org\/{rel}","templated":true}]}}